{"id":466,"date":"2022-06-02T14:12:19","date_gmt":"2022-06-02T14:12:19","guid":{"rendered":"https:\/\/www.gaa.universcites.com\/?page_id=466"},"modified":"2023-09-29T18:02:23","modified_gmt":"2023-09-29T18:02:23","slug":"rd","status":"publish","type":"page","link":"https:\/\/www.gaagroup.org\/en\/rd\/","title":{"rendered":"R&amp;D"},"content":{"rendered":"<div data-elementor-type=\"wp-page\" data-elementor-id=\"466\" class=\"elementor elementor-466\">\n\t\t\t\t\t\t<section class=\"elementor-section elementor-top-section elementor-element elementor-element-316fc9a5 elementor-section-boxed elementor-section-height-default elementor-section-height-default\" data-id=\"316fc9a5\" data-element_type=\"section\" data-e-type=\"section\">\n\t\t\t\t\t\t<div class=\"elementor-container elementor-column-gap-default\">\n\t\t\t\t\t<div class=\"elementor-column elementor-col-100 elementor-top-column elementor-element elementor-element-daedae3\" data-id=\"daedae3\" data-element_type=\"column\" data-e-type=\"column\">\n\t\t\t<div class=\"elementor-widget-wrap elementor-element-populated\">\n\t\t\t\t\t\t<div class=\"elementor-element elementor-element-3274a20e elementor-widget elementor-widget-text-editor\" data-id=\"3274a20e\" data-element_type=\"widget\" data-e-type=\"widget\" data-widget_type=\"text-editor.default\">\n\t\t\t\t<div class=\"elementor-widget-container\">\n\t\t\t\t\t\t\t\t\t\t\t\t\t\t\t\t\t<\/div>\n\t\t\t\t<\/div>\n\t\t\t\t\t<\/div>\n\t\t<\/div>\n\t\t\t\t\t<\/div>\n\t\t<\/section>\n\t\t\t\t<section class=\"elementor-section elementor-top-section elementor-element elementor-element-c7e339f elementor-section-full_width elementor-section-height-default elementor-section-height-default\" data-id=\"c7e339f\" data-element_type=\"section\" data-e-type=\"section\" data-settings=\"{&quot;background_background&quot;:&quot;classic&quot;}\">\n\t\t\t\t\t\t<div class=\"elementor-container elementor-column-gap-default\">\n\t\t\t\t\t<div class=\"elementor-column elementor-col-100 elementor-top-column elementor-element elementor-element-9a6ee6d elementor-invisible\" data-id=\"9a6ee6d\" data-element_type=\"column\" data-e-type=\"column\" data-settings=\"{&quot;background_background&quot;:&quot;classic&quot;,&quot;animation&quot;:&quot;fadeInLeft&quot;}\">\n\t\t\t<div class=\"elementor-widget-wrap elementor-element-populated\">\n\t\t\t\t\t\t<section class=\"elementor-section elementor-inner-section elementor-element elementor-element-e9f1ec1 elementor-section-boxed elementor-section-height-default elementor-section-height-default\" data-id=\"e9f1ec1\" data-element_type=\"section\" data-e-type=\"section\">\n\t\t\t\t\t\t<div class=\"elementor-container elementor-column-gap-default\">\n\t\t\t\t\t<div class=\"elementor-column elementor-col-50 elementor-inner-column elementor-element elementor-element-7d90310\" data-id=\"7d90310\" data-element_type=\"column\" data-e-type=\"column\" data-settings=\"{&quot;background_background&quot;:&quot;classic&quot;}\">\n\t\t\t<div class=\"elementor-widget-wrap elementor-element-populated\">\n\t\t\t\t\t\t<div class=\"elementor-element elementor-element-52210c6 elementor-widget elementor-widget-heading\" data-id=\"52210c6\" data-element_type=\"widget\" data-e-type=\"widget\" data-widget_type=\"heading.default\">\n\t\t\t\t<div class=\"elementor-widget-container\">\n\t\t\t\t\t<h2 class=\"elementor-heading-title elementor-size-default\">R&amp;D<\/h2>\t\t\t\t<\/div>\n\t\t\t\t<\/div>\n\t\t\t\t\t<\/div>\n\t\t<\/div>\n\t\t\t\t<div class=\"elementor-column elementor-col-50 elementor-inner-column elementor-element elementor-element-bb6b125\" data-id=\"bb6b125\" data-element_type=\"column\" data-e-type=\"column\">\n\t\t\t<div class=\"elementor-widget-wrap\">\n\t\t\t\t\t\t\t<\/div>\n\t\t<\/div>\n\t\t\t\t\t<\/div>\n\t\t<\/section>\n\t\t\t\t\t<\/div>\n\t\t<\/div>\n\t\t\t\t\t<\/div>\n\t\t<\/section>\n\t\t\t\t<section class=\"elementor-section elementor-top-section elementor-element elementor-element-cd2404e elementor-section-full_width elementor-section-height-default elementor-section-height-default\" data-id=\"cd2404e\" data-element_type=\"section\" data-e-type=\"section\">\n\t\t\t\t\t\t<div class=\"elementor-container elementor-column-gap-default\">\n\t\t\t\t\t<div class=\"elementor-column elementor-col-66 elementor-top-column elementor-element elementor-element-975250b\" data-id=\"975250b\" data-element_type=\"column\" data-e-type=\"column\" data-settings=\"{&quot;background_background&quot;:&quot;classic&quot;}\">\n\t\t\t<div class=\"elementor-widget-wrap elementor-element-populated\">\n\t\t\t\t\t\t<div class=\"elementor-element elementor-element-8d58575 elementor-widget elementor-widget-heading\" data-id=\"8d58575\" data-element_type=\"widget\" data-e-type=\"widget\" data-widget_type=\"heading.default\">\n\t\t\t\t<div class=\"elementor-widget-container\">\n\t\t\t\t\t<h2 class=\"elementor-heading-title elementor-size-default\">ESSENTIAL OIL<\/h2>\t\t\t\t<\/div>\n\t\t\t\t<\/div>\n\t\t\t\t<div class=\"elementor-element elementor-element-2634d3e elementor-widget elementor-widget-text-editor\" data-id=\"2634d3e\" data-element_type=\"widget\" data-e-type=\"widget\" data-widget_type=\"text-editor.default\">\n\t\t\t\t<div class=\"elementor-widget-container\">\n\t\t\t\t\t\t\t\t\t<p>An essential oil is a liquid and aromatic extract generally obtained by steam distillation from a plant, and which concentrates its volatile active ingredients. It represents the quintessence of the plant, in concentrate form, rich in a very wide variety of active substances identified very precisely by chromatographic analysis.<br \/>GAA <strong>GAA<\/strong>, through<strong> its agricultural farm<\/strong> located <strong>at Lake Rose<\/strong> (30 km from Dakar), offers you a wide range of essential oils :<\/p>\n<ul>\n<li>lippia essential oil<\/li>\n<li>vetiver essential oil<\/li>\n<li>lemongrass essential oil<\/li>\n<\/ul>\t\t\t\t\t\t\t\t<\/div>\n\t\t\t\t<\/div>\n\t\t\t\t<div class=\"elementor-element elementor-element-e3eac66 elementor-align-right elementor-widget elementor-widget-button\" data-id=\"e3eac66\" data-element_type=\"widget\" data-e-type=\"widget\" data-widget_type=\"button.default\">\n\t\t\t\t<div class=\"elementor-widget-container\">\n\t\t\t\t\t\t\t\t\t<div class=\"elementor-button-wrapper\">\n\t\t\t\t\t<a class=\"elementor-button elementor-button-link elementor-size-md\" href=\"https:\/\/www.gaa.universcites.com\/contactez-nous\/\">\n\t\t\t\t\t\t<span class=\"elementor-button-content-wrapper\">\n\t\t\t\t\t\t\t\t\t<span class=\"elementor-button-text\">REQUEST A QUOTE<\/span>\n\t\t\t\t\t<\/span>\n\t\t\t\t\t<\/a>\n\t\t\t\t<\/div>\n\t\t\t\t\t\t\t\t<\/div>\n\t\t\t\t<\/div>\n\t\t\t\t\t<\/div>\n\t\t<\/div>\n\t\t\t\t<div class=\"elementor-column elementor-col-33 elementor-top-column elementor-element elementor-element-997e8e1 elementor-invisible\" data-id=\"997e8e1\" data-element_type=\"column\" data-e-type=\"column\" data-settings=\"{&quot;background_background&quot;:&quot;classic&quot;,&quot;animation&quot;:&quot;fadeInRight&quot;}\">\n\t\t\t<div class=\"elementor-widget-wrap elementor-element-populated\">\n\t\t\t\t\t\t<div class=\"elementor-element elementor-element-60d70b5 elementor-hidden-desktop elementor-hidden-tablet elementor-widget elementor-widget-image\" data-id=\"60d70b5\" data-element_type=\"widget\" data-e-type=\"widget\" data-widget_type=\"image.default\">\n\t\t\t\t<div class=\"elementor-widget-container\">\n\t\t\t\t\t\t\t\t\t\t\t\t\t\t\t<img fetchpriority=\"high\" decoding=\"async\" width=\"768\" height=\"1024\" src=\"https:\/\/www.gaagroup.org\/wp-content\/uploads\/2022\/06\/huile-essentielle-GAA-768x1024.jpg\" class=\"attachment-large size-large wp-image-598\" alt=\"\" srcset=\"https:\/\/www.gaagroup.org\/wp-content\/uploads\/2022\/06\/huile-essentielle-GAA-768x1024.jpg 768w, https:\/\/www.gaagroup.org\/wp-content\/uploads\/2022\/06\/huile-essentielle-GAA-480x640.jpg 480w\" sizes=\"(min-width: 0px) and (max-width: 480px) 480px, (min-width: 481px) 768px, 100vw\" \/>\t\t\t\t\t\t\t\t\t\t\t\t\t\t\t<\/div>\n\t\t\t\t<\/div>\n\t\t\t\t\t<\/div>\n\t\t<\/div>\n\t\t\t\t\t<\/div>\n\t\t<\/section>\n\t\t\t\t<section class=\"elementor-section elementor-top-section elementor-element elementor-element-d50faf0 elementor-section-full_width elementor-reverse-mobile elementor-section-height-default elementor-section-height-default\" data-id=\"d50faf0\" data-element_type=\"section\" data-e-type=\"section\">\n\t\t\t\t\t\t<div class=\"elementor-container elementor-column-gap-default\">\n\t\t\t\t\t<div class=\"elementor-column elementor-col-33 elementor-top-column elementor-element elementor-element-8cfd23a elementor-invisible\" data-id=\"8cfd23a\" data-element_type=\"column\" data-e-type=\"column\" data-settings=\"{&quot;background_background&quot;:&quot;classic&quot;,&quot;animation&quot;:&quot;zoomIn&quot;}\">\n\t\t\t<div class=\"elementor-widget-wrap elementor-element-populated\">\n\t\t\t\t\t\t<div class=\"elementor-element elementor-element-6e1eddf elementor-hidden-desktop elementor-hidden-tablet elementor-widget elementor-widget-image\" data-id=\"6e1eddf\" data-element_type=\"widget\" data-e-type=\"widget\" data-widget_type=\"image.default\">\n\t\t\t\t<div class=\"elementor-widget-container\">\n\t\t\t\t\t\t\t\t\t\t\t\t\t\t\t<img decoding=\"async\" width=\"298\" height=\"353\" src=\"https:\/\/www.gaagroup.org\/wp-content\/uploads\/2022\/06\/huile-essentielle-Vetiver-GAA.jpg\" class=\"attachment-large size-large wp-image-600\" alt=\"\" srcset=\"https:\/\/www.gaagroup.org\/wp-content\/uploads\/2022\/06\/huile-essentielle-Vetiver-GAA.jpg 298w, https:\/\/www.gaagroup.org\/wp-content\/uploads\/2022\/06\/huile-essentielle-Vetiver-GAA-253x300.jpg 253w\" sizes=\"(max-width: 298px) 100vw, 298px\" \/>\t\t\t\t\t\t\t\t\t\t\t\t\t\t\t<\/div>\n\t\t\t\t<\/div>\n\t\t\t\t\t<\/div>\n\t\t<\/div>\n\t\t\t\t<div class=\"elementor-column elementor-col-66 elementor-top-column elementor-element elementor-element-70f84d4\" data-id=\"70f84d4\" data-element_type=\"column\" data-e-type=\"column\" data-settings=\"{&quot;background_background&quot;:&quot;classic&quot;}\">\n\t\t\t<div class=\"elementor-widget-wrap elementor-element-populated\">\n\t\t\t\t\t\t<div class=\"elementor-element elementor-element-4a4160e elementor-widget elementor-widget-heading\" data-id=\"4a4160e\" data-element_type=\"widget\" data-e-type=\"widget\" data-widget_type=\"heading.default\">\n\t\t\t\t<div class=\"elementor-widget-container\">\n\t\t\t\t\t<h2 class=\"elementor-heading-title elementor-size-default\">VETIVER ESSENTIAL OIL<\/h2>\t\t\t\t<\/div>\n\t\t\t\t<\/div>\n\t\t\t\t<div class=\"elementor-element elementor-element-2c9124d elementor-widget elementor-widget-text-editor\" data-id=\"2c9124d\" data-element_type=\"widget\" data-e-type=\"widget\" data-widget_type=\"text-editor.default\">\n\t\t\t\t<div class=\"elementor-widget-container\">\n\t\t\t\t\t\t\t\t\t<div class=\"av-special-heading av-15qau-7bfb23082f0d880d293e15881df08785 av-special-heading-h2 blockquote modern-quote  avia-builder-el-25  el_before_av_textblock  avia-builder-el-first\">\n<div class=\"av-special-heading av-u8mu-add2e004eaa6dfc725a4071f8ddc811a av-special-heading-h2 blockquote modern-quote  avia-builder-el-9  el_before_av_textblock  avia-builder-el-first\">\n<p>Vetiver essential oil has immunostimulating properties which help strengthen the body's immune defenses. It can also relieve nervous tension because it brings relaxation and comfort in cases of stress, for example. Its antiseptic properties make it effective against infections in general, acne, skin lesions and small wounds.<\/p>\n<h2><strong>The Vetiver plant<\/strong><\/h2>\n<p>Vetiver is a common perennial plant from Sri Lanka whose roots can extend up to 3 meters deep. According to local traditions, the vetiver plant draws vital force from the depths of the earth, which gives it a special place in Indian medicine. Its essential oil has a sweet woody scent and is also widely used in the world of perfumery.<\/p>\n<h2><strong>How to make vetiver essential oil?<\/strong><\/h2>\n<p>Vetiver essential oil is obtained by steam distillation of Vetiver roots. This distillation must be carried out by professionals in order to be of good quality.<\/p>\n<h2><strong>What are the properties and benefits of vetiver?<\/strong><\/h2>\n<p>Properties: Glandular tonic, endocrine stimulant, arterial and venous circulatory tonic, lymphatic tonic, immune stimulant, emmenagogue.<\/p>\n<h2><strong>Indications for therapeutic purpose and benefits :<\/strong><\/h2>\n<p>Poor blood circulation, phlebitis, edema, varicose veins, hemorrhoids<\/p>\n<p>Coronaritis, vasculitis<\/p>\n<p>Immune deficiency<\/p>\n<p>Hepatopancreatic insufficiency, hepatic congestion<\/p>\n<p>Amenorrhea (absence of periods)<\/p>\n<p>Relaxation, psychological rest<\/p>\n<h2><strong>The benefits of vetiver oil for insomnia<\/strong><\/h2>\n<p>When applied to the skin, vetiver essential oil helps combat sleep disorders thanks to its deep, sweet and sensual fragrance. To reduce insomnia, massage your solar plexus and the soles of your feet with a few drops of vetiver essential oil mixed with a few drops of rose geranium essential oil and calendula vegetable oil every day before going to bed. to sleep.<\/p>\n<\/div>\n<\/div>\t\t\t\t\t\t\t\t<\/div>\n\t\t\t\t<\/div>\n\t\t\t\t<div class=\"elementor-element elementor-element-532e58e elementor-align-right elementor-widget elementor-widget-button\" data-id=\"532e58e\" data-element_type=\"widget\" data-e-type=\"widget\" data-widget_type=\"button.default\">\n\t\t\t\t<div class=\"elementor-widget-container\">\n\t\t\t\t\t\t\t\t\t<div class=\"elementor-button-wrapper\">\n\t\t\t\t\t<a class=\"elementor-button elementor-button-link elementor-size-md\" href=\"https:\/\/www.gaa.universcites.com\/contactez-nous\/\">\n\t\t\t\t\t\t<span class=\"elementor-button-content-wrapper\">\n\t\t\t\t\t\t\t\t\t<span class=\"elementor-button-text\">REQUEST A QUOTE<\/span>\n\t\t\t\t\t<\/span>\n\t\t\t\t\t<\/a>\n\t\t\t\t<\/div>\n\t\t\t\t\t\t\t\t<\/div>\n\t\t\t\t<\/div>\n\t\t\t\t\t<\/div>\n\t\t<\/div>\n\t\t\t\t\t<\/div>\n\t\t<\/section>\n\t\t\t\t<section class=\"elementor-section elementor-top-section elementor-element elementor-element-bb0e2d9 elementor-section-full_width elementor-section-height-default elementor-section-height-default\" data-id=\"bb0e2d9\" data-element_type=\"section\" data-e-type=\"section\">\n\t\t\t\t\t\t<div class=\"elementor-container elementor-column-gap-default\">\n\t\t\t\t\t<div class=\"elementor-column elementor-col-66 elementor-top-column elementor-element elementor-element-14dc420\" data-id=\"14dc420\" data-element_type=\"column\" data-e-type=\"column\" data-settings=\"{&quot;background_background&quot;:&quot;classic&quot;}\">\n\t\t\t<div class=\"elementor-widget-wrap elementor-element-populated\">\n\t\t\t\t\t\t<div class=\"elementor-element elementor-element-e2dc209 elementor-widget elementor-widget-heading\" data-id=\"e2dc209\" data-element_type=\"widget\" data-e-type=\"widget\" data-widget_type=\"heading.default\">\n\t\t\t\t<div class=\"elementor-widget-container\">\n\t\t\t\t\t<h2 class=\"elementor-heading-title elementor-size-default\">LIPPIA ALBA ESSENTIAL OIL\n<\/h2>\t\t\t\t<\/div>\n\t\t\t\t<\/div>\n\t\t\t\t<div class=\"elementor-element elementor-element-14c217c elementor-widget elementor-widget-text-editor\" data-id=\"14c217c\" data-element_type=\"widget\" data-e-type=\"widget\" data-widget_type=\"text-editor.default\">\n\t\t\t\t<div class=\"elementor-widget-container\">\n\t\t\t\t\t\t\t\t\t<p><strong>Other botanical designations :<\/strong><br \/>Lantana alba<\/p>\n<p><strong>Vernacular designations:<\/strong><br \/>White verbena, anise verbena, American tea,<br \/>broken, lamerik (Martinique), twa tass (West<br \/>Indian Creole), mastranto (Panama), Santa Mar\u00eda, toronjil,<br \/>malojillo, extranjero, poleo (Venezuela), M\u00e9lisse de calme<br \/>(Guyane), piepiepao (Aluku), carmelitana, erva-cidreira<br \/>(Br\u00e9sil), juanilama (Costa Rica)<\/p>\n<p><strong>English designation:<\/strong><br \/>Verbena white, Bushy matgrass, bushy lippia, hierba negra,<br \/>pitiona, colic mint, cullen minteng, guinea mint<\/p>\n<p>To remember<br \/>Uncommon, this essential oil is interesting for its calming and anti-inflammatory properties, useful in cases of stress or headaches. It also promotes good digestion and activates circulation. It also has an anti-asthmatic action and strengthens the immune system.<\/p>\t\t\t\t\t\t\t\t<\/div>\n\t\t\t\t<\/div>\n\t\t\t\t<div class=\"elementor-element elementor-element-57fa0d4 elementor-align-right elementor-widget elementor-widget-button\" data-id=\"57fa0d4\" data-element_type=\"widget\" data-e-type=\"widget\" data-widget_type=\"button.default\">\n\t\t\t\t<div class=\"elementor-widget-container\">\n\t\t\t\t\t\t\t\t\t<div class=\"elementor-button-wrapper\">\n\t\t\t\t\t<a class=\"elementor-button elementor-button-link elementor-size-md\" href=\"https:\/\/www.gaa.universcites.com\/contactez-nous\/\">\n\t\t\t\t\t\t<span class=\"elementor-button-content-wrapper\">\n\t\t\t\t\t\t\t\t\t<span class=\"elementor-button-text\">REQUEST A QUOTE<\/span>\n\t\t\t\t\t<\/span>\n\t\t\t\t\t<\/a>\n\t\t\t\t<\/div>\n\t\t\t\t\t\t\t\t<\/div>\n\t\t\t\t<\/div>\n\t\t\t\t\t<\/div>\n\t\t<\/div>\n\t\t\t\t<div class=\"elementor-column elementor-col-33 elementor-top-column elementor-element elementor-element-58dd363 elementor-invisible\" data-id=\"58dd363\" data-element_type=\"column\" data-e-type=\"column\" data-settings=\"{&quot;background_background&quot;:&quot;classic&quot;,&quot;animation&quot;:&quot;fadeInRight&quot;}\">\n\t\t\t<div class=\"elementor-widget-wrap elementor-element-populated\">\n\t\t\t\t\t\t<div class=\"elementor-element elementor-element-36ea2a7 elementor-hidden-desktop elementor-hidden-tablet elementor-widget elementor-widget-image\" data-id=\"36ea2a7\" data-element_type=\"widget\" data-e-type=\"widget\" data-widget_type=\"image.default\">\n\t\t\t\t<div class=\"elementor-widget-container\">\n\t\t\t\t\t\t\t\t\t\t\t\t\t\t\t<img decoding=\"async\" width=\"600\" height=\"600\" src=\"https:\/\/www.gaagroup.org\/wp-content\/uploads\/2022\/06\/huile-essentielle-verveine-GAA.jpg\" class=\"attachment-large size-large wp-image-599\" alt=\"\" srcset=\"https:\/\/www.gaagroup.org\/wp-content\/uploads\/2022\/06\/huile-essentielle-verveine-GAA.jpg 600w, https:\/\/www.gaagroup.org\/wp-content\/uploads\/2022\/06\/huile-essentielle-verveine-GAA-480x480.jpg 480w\" sizes=\"(min-width: 0px) and (max-width: 480px) 480px, (min-width: 481px) 600px, 100vw\" \/>\t\t\t\t\t\t\t\t\t\t\t\t\t\t\t<\/div>\n\t\t\t\t<\/div>\n\t\t\t\t\t<\/div>\n\t\t<\/div>\n\t\t\t\t\t<\/div>\n\t\t<\/section>\n\t\t\t\t<section class=\"elementor-section elementor-top-section elementor-element elementor-element-3ccd958 elementor-section-full_width elementor-reverse-mobile elementor-section-height-default elementor-section-height-default\" data-id=\"3ccd958\" data-element_type=\"section\" data-e-type=\"section\">\n\t\t\t\t\t\t<div class=\"elementor-container elementor-column-gap-default\">\n\t\t\t\t\t<div class=\"elementor-column elementor-col-33 elementor-top-column elementor-element elementor-element-5bb85fb elementor-invisible\" data-id=\"5bb85fb\" data-element_type=\"column\" data-e-type=\"column\" data-settings=\"{&quot;background_background&quot;:&quot;classic&quot;,&quot;animation&quot;:&quot;zoomIn&quot;}\">\n\t\t\t<div class=\"elementor-widget-wrap elementor-element-populated\">\n\t\t\t\t\t\t<div class=\"elementor-element elementor-element-7d2b3e3 elementor-hidden-desktop elementor-hidden-tablet elementor-widget elementor-widget-image\" data-id=\"7d2b3e3\" data-element_type=\"widget\" data-e-type=\"widget\" data-widget_type=\"image.default\">\n\t\t\t\t<div class=\"elementor-widget-container\">\n\t\t\t\t\t\t\t\t\t\t\t\t\t\t\t<img loading=\"lazy\" decoding=\"async\" width=\"298\" height=\"353\" src=\"https:\/\/www.gaagroup.org\/wp-content\/uploads\/2022\/06\/huile-essentielle-Citonnelle-GAA.jpg\" class=\"attachment-large size-large wp-image-597\" alt=\"\" srcset=\"https:\/\/www.gaagroup.org\/wp-content\/uploads\/2022\/06\/huile-essentielle-Citonnelle-GAA.jpg 298w, https:\/\/www.gaagroup.org\/wp-content\/uploads\/2022\/06\/huile-essentielle-Citonnelle-GAA-253x300.jpg 253w\" sizes=\"auto, (max-width: 298px) 100vw, 298px\" \/>\t\t\t\t\t\t\t\t\t\t\t\t\t\t\t<\/div>\n\t\t\t\t<\/div>\n\t\t\t\t\t<\/div>\n\t\t<\/div>\n\t\t\t\t<div class=\"elementor-column elementor-col-66 elementor-top-column elementor-element elementor-element-fbd837b\" data-id=\"fbd837b\" data-element_type=\"column\" data-e-type=\"column\" data-settings=\"{&quot;background_background&quot;:&quot;classic&quot;}\">\n\t\t\t<div class=\"elementor-widget-wrap elementor-element-populated\">\n\t\t\t\t\t\t<div class=\"elementor-element elementor-element-d1c0fca elementor-widget elementor-widget-heading\" data-id=\"d1c0fca\" data-element_type=\"widget\" data-e-type=\"widget\" data-widget_type=\"heading.default\">\n\t\t\t\t<div class=\"elementor-widget-container\">\n\t\t\t\t\t<h2 class=\"elementor-heading-title elementor-size-default\">LEMONSELLA ESSENTIAL OIL<\/h2>\t\t\t\t<\/div>\n\t\t\t\t<\/div>\n\t\t\t\t<div class=\"elementor-element elementor-element-ed7bf98 elementor-widget elementor-widget-text-editor\" data-id=\"ed7bf98\" data-element_type=\"widget\" data-e-type=\"widget\" data-widget_type=\"text-editor.default\">\n\t\t\t\t<div class=\"elementor-widget-container\">\n\t\t\t\t\t\t\t\t\t<div class=\"av-special-heading av-15qau-7bfb23082f0d880d293e15881df08785 av-special-heading-h2 blockquote modern-quote  avia-builder-el-25  el_before_av_textblock  avia-builder-el-first\">\n<div class=\"av-special-heading av-u8mu-add2e004eaa6dfc725a4071f8ddc811a av-special-heading-h2 blockquote modern-quote  avia-builder-el-9  el_before_av_textblock  avia-builder-el-first\">\n<p><strong>What are its benefits, method of use and contraindications?<\/strong><\/p>\n<p>It is best known for its repellent action against mosquitoes, but its virtues do not stop there. Anti-inflammatory, anti-infectious\u2026<\/p>\n<p>Lemongrass is an herbaceous plant that grows in warm, humid tropical regions. It is widely used in cooking, and particularly in Asian dishes, which it enhances thanks to its exotic and tangy taste. However, lemongrass is best known for its mosquito repellent action. But its health benefits don't stop there!<\/p>\n<p><strong>Lemongrass essential oil: a repellent action<\/strong><\/p>\n<p>We know: lemongrass essential oil is effective in repelling mosquitoes and enjoying long summer evenings outdoors without stress. To drive away these pests, it is possible to put a few drops of this EO on clothing or apply it to the skin, by mixing \u201cequal parts of lemongrass essential oil with a vegetable oil of hazelnut, calendula or even olive oil,\u201d suggests Margaux Provansal.<\/p>\n<p>It is also possible to benefit from the benefits of lemongrass essential oil in atmospheric diffusion, which at the same time purifies the air and eliminates bad tobacco or cooking odors.\u00a0<\/p>\n<p><strong>Lemongrass essential oil: an anti-infective and antifungal<\/strong><\/p>\n<p>Lemongrass essential oil can also be used to fight skin infections such as herpes, fungus or even infected wounds. \u201cIt is possible to mix equal parts of Madagascar lemongrass essential oil with a vegetable oil and apply this combination to the infected area, avoiding the vaginal mucous membranes and the eyes,\u201d indicates Margaux Provansal.<\/p>\n<\/div>\n<\/div>\t\t\t\t\t\t\t\t<\/div>\n\t\t\t\t<\/div>\n\t\t\t\t<div class=\"elementor-element elementor-element-2bba642 elementor-align-right elementor-widget elementor-widget-button\" data-id=\"2bba642\" data-element_type=\"widget\" data-e-type=\"widget\" data-widget_type=\"button.default\">\n\t\t\t\t<div class=\"elementor-widget-container\">\n\t\t\t\t\t\t\t\t\t<div class=\"elementor-button-wrapper\">\n\t\t\t\t\t<a class=\"elementor-button elementor-button-link elementor-size-md\" href=\"https:\/\/www.gaa.universcites.com\/contactez-nous\/\">\n\t\t\t\t\t\t<span class=\"elementor-button-content-wrapper\">\n\t\t\t\t\t\t\t\t\t<span class=\"elementor-button-text\">REQUEST A QUOTE<\/span>\n\t\t\t\t\t<\/span>\n\t\t\t\t\t<\/a>\n\t\t\t\t<\/div>\n\t\t\t\t\t\t\t\t<\/div>\n\t\t\t\t<\/div>\n\t\t\t\t\t<\/div>\n\t\t<\/div>\n\t\t\t\t\t<\/div>\n\t\t<\/section>\n\t\t\t\t<\/div>","protected":false},"excerpt":{"rendered":"<p>R&#038;D L&rsquo;HUILE ESSENTIELLE Une huile essentielle est un extrait liquide et aromatique obtenu g\u00e9n\u00e9ralement par distillation \u00e0 la vapeur d\u2019eau \u00e0 partir d\u2019une plante, et qui en concentre les actifs volatils. Elle repr\u00e9sente la quintessence de la plante, sous forme de concentr\u00e9, riche d\u2019une tr\u00e8s grande vari\u00e9t\u00e9 de substances actives identifi\u00e9es tr\u00e8s pr\u00e9cis\u00e9ment par analyse [&hellip;]<\/p>\n","protected":false},"author":1,"featured_media":0,"parent":0,"menu_order":0,"comment_status":"closed","ping_status":"closed","template":"","meta":{"_et_pb_use_builder":"on","_et_pb_old_content":"","_et_gb_content_width":"","footnotes":""},"class_list":["post-466","page","type-page","status-publish","hentry"],"_links":{"self":[{"href":"https:\/\/www.gaagroup.org\/en\/wp-json\/wp\/v2\/pages\/466","targetHints":{"allow":["GET"]}}],"collection":[{"href":"https:\/\/www.gaagroup.org\/en\/wp-json\/wp\/v2\/pages"}],"about":[{"href":"https:\/\/www.gaagroup.org\/en\/wp-json\/wp\/v2\/types\/page"}],"author":[{"embeddable":true,"href":"https:\/\/www.gaagroup.org\/en\/wp-json\/wp\/v2\/users\/1"}],"replies":[{"embeddable":true,"href":"https:\/\/www.gaagroup.org\/en\/wp-json\/wp\/v2\/comments?post=466"}],"version-history":[{"count":19,"href":"https:\/\/www.gaagroup.org\/en\/wp-json\/wp\/v2\/pages\/466\/revisions"}],"predecessor-version":[{"id":694,"href":"https:\/\/www.gaagroup.org\/en\/wp-json\/wp\/v2\/pages\/466\/revisions\/694"}],"wp:attachment":[{"href":"https:\/\/www.gaagroup.org\/en\/wp-json\/wp\/v2\/media?parent=466"}],"curies":[{"name":"wp","href":"https:\/\/api.w.org\/{rel}","templated":true}]}}