{"id":419,"date":"2022-06-02T12:49:05","date_gmt":"2022-06-02T12:49:05","guid":{"rendered":"https:\/\/www.gaa.universcites.com\/?page_id=419"},"modified":"2022-07-19T13:34:45","modified_gmt":"2022-07-19T13:34:45","slug":"recherche-de-financement","status":"publish","type":"page","link":"https:\/\/www.gaagroup.org\/en\/recherche-de-financement\/","title":{"rendered":"Funding search"},"content":{"rendered":"<div data-elementor-type=\"wp-page\" data-elementor-id=\"419\" class=\"elementor elementor-419\">\n\t\t\t\t\t\t<section class=\"elementor-section elementor-top-section elementor-element elementor-element-316fc9a5 elementor-section-boxed elementor-section-height-default elementor-section-height-default\" data-id=\"316fc9a5\" data-element_type=\"section\" data-e-type=\"section\">\n\t\t\t\t\t\t<div class=\"elementor-container elementor-column-gap-default\">\n\t\t\t\t\t<div class=\"elementor-column elementor-col-100 elementor-top-column elementor-element elementor-element-daedae3\" data-id=\"daedae3\" data-element_type=\"column\" data-e-type=\"column\">\n\t\t\t<div class=\"elementor-widget-wrap elementor-element-populated\">\n\t\t\t\t\t\t<div class=\"elementor-element elementor-element-3274a20e elementor-widget elementor-widget-text-editor\" data-id=\"3274a20e\" data-element_type=\"widget\" data-e-type=\"widget\" data-widget_type=\"text-editor.default\">\n\t\t\t\t<div class=\"elementor-widget-container\">\n\t\t\t\t\t\t\t\t\t\t\t\t\t\t\t\t\t<\/div>\n\t\t\t\t<\/div>\n\t\t\t\t\t<\/div>\n\t\t<\/div>\n\t\t\t\t\t<\/div>\n\t\t<\/section>\n\t\t\t\t<section class=\"elementor-section elementor-top-section elementor-element elementor-element-c7e339f elementor-section-full_width elementor-section-height-default elementor-section-height-default\" data-id=\"c7e339f\" data-element_type=\"section\" data-e-type=\"section\" data-settings=\"{&quot;background_background&quot;:&quot;classic&quot;}\">\n\t\t\t\t\t\t<div class=\"elementor-container elementor-column-gap-default\">\n\t\t\t\t\t<div class=\"elementor-column elementor-col-100 elementor-top-column elementor-element elementor-element-9a6ee6d elementor-invisible\" data-id=\"9a6ee6d\" data-element_type=\"column\" data-e-type=\"column\" data-settings=\"{&quot;background_background&quot;:&quot;classic&quot;,&quot;animation&quot;:&quot;fadeInLeft&quot;}\">\n\t\t\t<div class=\"elementor-widget-wrap elementor-element-populated\">\n\t\t\t\t\t\t<div class=\"elementor-element elementor-element-52210c6 elementor-widget elementor-widget-heading\" data-id=\"52210c6\" data-element_type=\"widget\" data-e-type=\"widget\" data-widget_type=\"heading.default\">\n\t\t\t\t<div class=\"elementor-widget-container\">\n\t\t\t\t\t<h2 class=\"elementor-heading-title elementor-size-default\">SEARCH FOR FUNDING<\/h2>\t\t\t\t<\/div>\n\t\t\t\t<\/div>\n\t\t\t\t\t<\/div>\n\t\t<\/div>\n\t\t\t\t\t<\/div>\n\t\t<\/section>\n\t\t\t\t<section class=\"elementor-section elementor-top-section elementor-element elementor-element-cd2404e elementor-section-full_width elementor-section-height-default elementor-section-height-default\" data-id=\"cd2404e\" data-element_type=\"section\" data-e-type=\"section\">\n\t\t\t\t\t\t<div class=\"elementor-container elementor-column-gap-default\">\n\t\t\t\t\t<div class=\"elementor-column elementor-col-66 elementor-top-column elementor-element elementor-element-975250b\" data-id=\"975250b\" data-element_type=\"column\" data-e-type=\"column\" data-settings=\"{&quot;background_background&quot;:&quot;classic&quot;}\">\n\t\t\t<div class=\"elementor-widget-wrap elementor-element-populated\">\n\t\t\t\t\t\t<div class=\"elementor-element elementor-element-8d58575 elementor-widget elementor-widget-heading\" data-id=\"8d58575\" data-element_type=\"widget\" data-e-type=\"widget\" data-widget_type=\"heading.default\">\n\t\t\t\t<div class=\"elementor-widget-container\">\n\t\t\t\t\t<h2 class=\"elementor-heading-title elementor-size-default\">SEARCH FOR FUNDING AT GAA IT\u2019S POSSIBLE<\/h2>\t\t\t\t<\/div>\n\t\t\t\t<\/div>\n\t\t\t\t<div class=\"elementor-element elementor-element-846fb1f elementor-widget elementor-widget-text-editor\" data-id=\"846fb1f\" data-element_type=\"widget\" data-e-type=\"widget\" data-widget_type=\"text-editor.default\">\n\t\t\t\t<div class=\"elementor-widget-container\">\n\t\t\t\t\t\t\t\t\t<p>With its ambition to actively participate in the development of agriculture, fishing and livestock farming, the GAA is committed to offering strategic advice and mobilizing sustainable financing for local businesses, mainly in the agri-food and biotechnology, helping these SMEs in the establishment of integrated organic farms.<\/p>\n<p>The <strong>GAA<\/strong> in collaboration with <strong>SAFIC<\/strong> has successfully helped many entrepreneurs and SMEs over the last 20 years, in sectors ranging from agriculture to processing. By offering services aimed at providing them with strategic advice, facilitating their access to new markets, finding them strategic partnerships and mobilizing funds, the GAA has enabled these companies to become key players in their fields.<\/p>\n<p>For more information on seeking financing, refer to the <a href=\"https:\/\/safic-africa.com\/fr\/page-daccueil\/\">SAFIC website.<\/a><\/p>\n<p>\u00a0<\/p>\t\t\t\t\t\t\t\t<\/div>\n\t\t\t\t<\/div>\n\t\t\t\t<div class=\"elementor-element elementor-element-e3eac66 elementor-align-right elementor-widget elementor-widget-button\" data-id=\"e3eac66\" data-element_type=\"widget\" data-e-type=\"widget\" data-widget_type=\"button.default\">\n\t\t\t\t<div class=\"elementor-widget-container\">\n\t\t\t\t\t\t\t\t\t<div class=\"elementor-button-wrapper\">\n\t\t\t\t\t<a class=\"elementor-button elementor-button-link elementor-size-md\" href=\"https:\/\/www.gaa.universcites.com\/contactez-nous\/\">\n\t\t\t\t\t\t<span class=\"elementor-button-content-wrapper\">\n\t\t\t\t\t\t\t\t\t<span class=\"elementor-button-text\">REQUEST A QUOTE<\/span>\n\t\t\t\t\t<\/span>\n\t\t\t\t\t<\/a>\n\t\t\t\t<\/div>\n\t\t\t\t\t\t\t\t<\/div>\n\t\t\t\t<\/div>\n\t\t\t\t\t<\/div>\n\t\t<\/div>\n\t\t\t\t<div class=\"elementor-column elementor-col-33 elementor-top-column elementor-element elementor-element-997e8e1 elementor-invisible\" data-id=\"997e8e1\" data-element_type=\"column\" data-e-type=\"column\" data-settings=\"{&quot;background_background&quot;:&quot;classic&quot;,&quot;animation&quot;:&quot;fadeInRight&quot;}\">\n\t\t\t<div class=\"elementor-widget-wrap elementor-element-populated\">\n\t\t\t\t\t\t<div class=\"elementor-element elementor-element-60d70b5 elementor-hidden-desktop elementor-hidden-tablet elementor-widget elementor-widget-image\" data-id=\"60d70b5\" data-element_type=\"widget\" data-e-type=\"widget\" data-widget_type=\"image.default\">\n\t\t\t\t<div class=\"elementor-widget-container\">\n\t\t\t\t\t\t\t\t\t\t\t\t\t\t\t<img fetchpriority=\"high\" decoding=\"async\" width=\"432\" height=\"514\" src=\"https:\/\/www.gaagroup.org\/wp-content\/uploads\/2022\/06\/FROMATIONS-FILLES-GAA-1.jpg\" class=\"attachment-large size-large wp-image-408\" alt=\"\" srcset=\"https:\/\/www.gaagroup.org\/wp-content\/uploads\/2022\/06\/FROMATIONS-FILLES-GAA-1.jpg 432w, https:\/\/www.gaagroup.org\/wp-content\/uploads\/2022\/06\/FROMATIONS-FILLES-GAA-1-252x300.jpg 252w\" sizes=\"(max-width: 432px) 100vw, 432px\" \/>\t\t\t\t\t\t\t\t\t\t\t\t\t\t\t<\/div>\n\t\t\t\t<\/div>\n\t\t\t\t\t<\/div>\n\t\t<\/div>\n\t\t\t\t\t<\/div>\n\t\t<\/section>\n\t\t\t\t<section class=\"elementor-section elementor-top-section elementor-element elementor-element-d50faf0 elementor-section-full_width elementor-reverse-mobile elementor-section-height-default elementor-section-height-default\" data-id=\"d50faf0\" data-element_type=\"section\" data-e-type=\"section\">\n\t\t\t\t\t\t<div class=\"elementor-container elementor-column-gap-default\">\n\t\t\t\t\t<div class=\"elementor-column elementor-col-33 elementor-top-column elementor-element elementor-element-8cfd23a elementor-invisible\" data-id=\"8cfd23a\" data-element_type=\"column\" data-e-type=\"column\" data-settings=\"{&quot;background_background&quot;:&quot;classic&quot;,&quot;animation&quot;:&quot;zoomIn&quot;}\">\n\t\t\t<div class=\"elementor-widget-wrap elementor-element-populated\">\n\t\t\t\t\t\t<div class=\"elementor-element elementor-element-6e1eddf elementor-hidden-desktop elementor-hidden-tablet elementor-widget elementor-widget-image\" data-id=\"6e1eddf\" data-element_type=\"widget\" data-e-type=\"widget\" data-widget_type=\"image.default\">\n\t\t\t\t<div class=\"elementor-widget-container\">\n\t\t\t\t\t\t\t\t\t\t\t\t\t\t\t<img decoding=\"async\" width=\"816\" height=\"459\" src=\"https:\/\/www.gaagroup.org\/wp-content\/uploads\/2022\/06\/agriculture-GAA.jpg\" class=\"attachment-large size-large wp-image-554\" alt=\"\" srcset=\"https:\/\/www.gaagroup.org\/wp-content\/uploads\/2022\/06\/agriculture-GAA.jpg 816w, https:\/\/www.gaagroup.org\/wp-content\/uploads\/2022\/06\/agriculture-GAA-480x270.jpg 480w\" sizes=\"(min-width: 0px) and (max-width: 480px) 480px, (min-width: 481px) 816px, 100vw\" \/>\t\t\t\t\t\t\t\t\t\t\t\t\t\t\t<\/div>\n\t\t\t\t<\/div>\n\t\t\t\t\t<\/div>\n\t\t<\/div>\n\t\t\t\t<div class=\"elementor-column elementor-col-66 elementor-top-column elementor-element elementor-element-70f84d4\" data-id=\"70f84d4\" data-element_type=\"column\" data-e-type=\"column\" data-settings=\"{&quot;background_background&quot;:&quot;classic&quot;}\">\n\t\t\t<div class=\"elementor-widget-wrap elementor-element-populated\">\n\t\t\t\t\t\t<div class=\"elementor-element elementor-element-d563051 elementor-widget elementor-widget-text-editor\" data-id=\"d563051\" data-element_type=\"widget\" data-e-type=\"widget\" data-widget_type=\"text-editor.default\">\n\t\t\t\t<div class=\"elementor-widget-container\">\n\t\t\t\t\t\t\t\t\t<div class=\"av-special-heading av-15qau-7bfb23082f0d880d293e15881df08785 av-special-heading-h2 blockquote modern-quote avia-builder-el-25 el_before_av_textblock avia-builder-el-first\">\n<h2 class=\"av-special-heading-tag\"><strong>THE DIGITALIZATION OF AGRICULTURE<\/strong><\/h2>\n<\/div>\n<section class=\"av_textblock_section\">\n<div class=\"avia_textblock\">\n<p><strong>You are looking to define your digital strategy.<\/strong><\/p>\n<ul>\n<li>You are looking to define your digital strategy.<\/li>\n<li>Generate added value through a relevant data management strategy.<\/li>\n<li>Manage your water consumption.<\/li>\n<li>Manage your water consumption.<\/li>\n<li>Promote your decarbonization work<\/li>\n<li>Harmonize your data with that of all partners in your value chain.<\/li>\n<li>Optimize the traceability and certification of your products<\/li>\n<li>Develop the use of drones.<\/li>\n<\/ul>\n<p>Consult us on this aspect. The GAA is a leader in this area.<\/p>\n<\/div>\n<\/section>\t\t\t\t\t\t\t\t<\/div>\n\t\t\t\t<\/div>\n\t\t\t\t<div class=\"elementor-element elementor-element-532e58e elementor-align-right elementor-widget elementor-widget-button\" data-id=\"532e58e\" data-element_type=\"widget\" data-e-type=\"widget\" data-widget_type=\"button.default\">\n\t\t\t\t<div class=\"elementor-widget-container\">\n\t\t\t\t\t\t\t\t\t<div class=\"elementor-button-wrapper\">\n\t\t\t\t\t<a class=\"elementor-button elementor-button-link elementor-size-md\" href=\"https:\/\/www.gaa.universcites.com\/contactez-nous\/\">\n\t\t\t\t\t\t<span class=\"elementor-button-content-wrapper\">\n\t\t\t\t\t\t\t\t\t<span class=\"elementor-button-text\">REQUEST A QUOTE<\/span>\n\t\t\t\t\t<\/span>\n\t\t\t\t\t<\/a>\n\t\t\t\t<\/div>\n\t\t\t\t\t\t\t\t<\/div>\n\t\t\t\t<\/div>\n\t\t\t\t\t<\/div>\n\t\t<\/div>\n\t\t\t\t\t<\/div>\n\t\t<\/section>\n\t\t\t\t<\/div>","protected":false},"excerpt":{"rendered":"<p>RECHERCHES DE FINANCEMENTS RECHERCHE DE FINANCEMENT CHEZ GAA C&rsquo;EST POSSIBLE Forte de son ambition de participer activement au d\u00e9veloppement de l&rsquo;agriculture de la p\u00eache et de l\u2019\u00e9levage, la GAA s\u2019engage alors \u00e0 offrir des conseils strat\u00e9giques et \u00e0 mobiliser des financements durables pour les entreprises locales, principalement dans les secteurs agroalimentaire et biotechnologie, aidant ces [&hellip;]<\/p>\n","protected":false},"author":1,"featured_media":0,"parent":0,"menu_order":0,"comment_status":"closed","ping_status":"closed","template":"","meta":{"_et_pb_use_builder":"on","_et_pb_old_content":"","_et_gb_content_width":"","footnotes":""},"class_list":["post-419","page","type-page","status-publish","hentry"],"_links":{"self":[{"href":"https:\/\/www.gaagroup.org\/en\/wp-json\/wp\/v2\/pages\/419","targetHints":{"allow":["GET"]}}],"collection":[{"href":"https:\/\/www.gaagroup.org\/en\/wp-json\/wp\/v2\/pages"}],"about":[{"href":"https:\/\/www.gaagroup.org\/en\/wp-json\/wp\/v2\/types\/page"}],"author":[{"embeddable":true,"href":"https:\/\/www.gaagroup.org\/en\/wp-json\/wp\/v2\/users\/1"}],"replies":[{"embeddable":true,"href":"https:\/\/www.gaagroup.org\/en\/wp-json\/wp\/v2\/comments?post=419"}],"version-history":[{"count":22,"href":"https:\/\/www.gaagroup.org\/en\/wp-json\/wp\/v2\/pages\/419\/revisions"}],"predecessor-version":[{"id":642,"href":"https:\/\/www.gaagroup.org\/en\/wp-json\/wp\/v2\/pages\/419\/revisions\/642"}],"wp:attachment":[{"href":"https:\/\/www.gaagroup.org\/en\/wp-json\/wp\/v2\/media?parent=419"}],"curies":[{"name":"wp","href":"https:\/\/api.w.org\/{rel}","templated":true}]}}