{"id":302,"date":"2022-06-01T14:46:01","date_gmt":"2022-06-01T14:46:01","guid":{"rendered":"https:\/\/www.gaa.universcites.com\/?page_id=302"},"modified":"2022-07-19T13:00:10","modified_gmt":"2022-07-19T13:00:10","slug":"elevage","status":"publish","type":"page","link":"https:\/\/www.gaagroup.org\/en\/elevage\/","title":{"rendered":"Livestock"},"content":{"rendered":"<div data-elementor-type=\"wp-page\" data-elementor-id=\"302\" class=\"elementor elementor-302\">\n\t\t\t\t\t\t<section class=\"elementor-section elementor-top-section elementor-element elementor-element-316fc9a5 elementor-section-boxed elementor-section-height-default elementor-section-height-default\" data-id=\"316fc9a5\" data-element_type=\"section\" data-e-type=\"section\">\n\t\t\t\t\t\t<div class=\"elementor-container elementor-column-gap-default\">\n\t\t\t\t\t<div class=\"elementor-column elementor-col-100 elementor-top-column elementor-element elementor-element-daedae3\" data-id=\"daedae3\" data-element_type=\"column\" data-e-type=\"column\">\n\t\t\t<div class=\"elementor-widget-wrap elementor-element-populated\">\n\t\t\t\t\t\t<div class=\"elementor-element elementor-element-3274a20e elementor-widget elementor-widget-text-editor\" data-id=\"3274a20e\" data-element_type=\"widget\" data-e-type=\"widget\" data-widget_type=\"text-editor.default\">\n\t\t\t\t<div class=\"elementor-widget-container\">\n\t\t\t\t\t\t\t\t\t\t\t\t\t\t\t\t\t<\/div>\n\t\t\t\t<\/div>\n\t\t\t\t\t<\/div>\n\t\t<\/div>\n\t\t\t\t\t<\/div>\n\t\t<\/section>\n\t\t\t\t<section class=\"elementor-section elementor-top-section elementor-element elementor-element-c7e339f elementor-section-full_width elementor-section-height-default elementor-section-height-default\" data-id=\"c7e339f\" data-element_type=\"section\" data-e-type=\"section\" data-settings=\"{&quot;background_background&quot;:&quot;classic&quot;}\">\n\t\t\t\t\t\t<div class=\"elementor-container elementor-column-gap-default\">\n\t\t\t\t\t<div class=\"elementor-column elementor-col-100 elementor-top-column elementor-element elementor-element-9a6ee6d elementor-invisible\" data-id=\"9a6ee6d\" data-element_type=\"column\" data-e-type=\"column\" data-settings=\"{&quot;background_background&quot;:&quot;classic&quot;,&quot;animation&quot;:&quot;fadeInLeft&quot;}\">\n\t\t\t<div class=\"elementor-widget-wrap elementor-element-populated\">\n\t\t\t\t\t\t<div class=\"elementor-element elementor-element-52210c6 elementor-widget elementor-widget-heading\" data-id=\"52210c6\" data-element_type=\"widget\" data-e-type=\"widget\" data-widget_type=\"heading.default\">\n\t\t\t\t<div class=\"elementor-widget-container\">\n\t\t\t\t\t<h2 class=\"elementor-heading-title elementor-size-default\">LIVESTOCK<\/h2>\t\t\t\t<\/div>\n\t\t\t\t<\/div>\n\t\t\t\t\t<\/div>\n\t\t<\/div>\n\t\t\t\t\t<\/div>\n\t\t<\/section>\n\t\t\t\t<section class=\"elementor-section elementor-top-section elementor-element elementor-element-cd2404e elementor-section-full_width elementor-section-height-default elementor-section-height-default\" data-id=\"cd2404e\" data-element_type=\"section\" data-e-type=\"section\">\n\t\t\t\t\t\t<div class=\"elementor-container elementor-column-gap-default\">\n\t\t\t\t\t<div class=\"elementor-column elementor-col-50 elementor-top-column elementor-element elementor-element-975250b\" data-id=\"975250b\" data-element_type=\"column\" data-e-type=\"column\" data-settings=\"{&quot;background_background&quot;:&quot;classic&quot;}\">\n\t\t\t<div class=\"elementor-widget-wrap elementor-element-populated\">\n\t\t\t\t\t\t<div class=\"elementor-element elementor-element-8d58575 elementor-widget elementor-widget-heading\" data-id=\"8d58575\" data-element_type=\"widget\" data-e-type=\"widget\" data-widget_type=\"heading.default\">\n\t\t\t\t<div class=\"elementor-widget-container\">\n\t\t\t\t\t<h2 class=\"elementor-heading-title elementor-size-default\">\nLIVESTOCK DEPARTMENT<\/h2>\t\t\t\t<\/div>\n\t\t\t\t<\/div>\n\t\t\t\t<div class=\"elementor-element elementor-element-846fb1f elementor-widget elementor-widget-text-editor\" data-id=\"846fb1f\" data-element_type=\"widget\" data-e-type=\"widget\" data-widget_type=\"text-editor.default\">\n\t\t\t\t<div class=\"elementor-widget-container\">\n\t\t\t\t\t\t\t\t\t<p class=\"TexteDetail\">On its <strong>On its <\/strong>(100 hectares) and that of <strong>DANDOU<\/strong>(100 hectares), the <strong>GAA<\/strong> raises<strong> cows<\/strong> (Montbeliard and Holstein) as well as crossbreeds resulting from crossing European dairy cows with local cows (Gobra, Ndama, Azawac ) by artificial insemination.<\/p>\n<p class=\"TexteDetail\">She also raises dairy goats, sheep, rabbits and poultry.<\/p>\n<p>The milk is then made into curds, yogurt, butter, ice cream and cheese.<\/p>\n<p>Given its long and rich experience in the field of breeding, the GAA is able to set up, rationalize and develop breeding systems at the request of its clients.\u00a0<\/p>\n<p>\u00a0<\/p>\t\t\t\t\t\t\t\t<\/div>\n\t\t\t\t<\/div>\n\t\t\t\t\t<\/div>\n\t\t<\/div>\n\t\t\t\t<div class=\"elementor-column elementor-col-50 elementor-top-column elementor-element elementor-element-8cfd23a elementor-invisible\" data-id=\"8cfd23a\" data-element_type=\"column\" data-e-type=\"column\" data-settings=\"{&quot;background_background&quot;:&quot;classic&quot;,&quot;animation&quot;:&quot;tada&quot;}\">\n\t\t\t<div class=\"elementor-widget-wrap elementor-element-populated\">\n\t\t\t\t\t\t<div class=\"elementor-element elementor-element-6e1eddf elementor-hidden-desktop elementor-hidden-tablet elementor-widget elementor-widget-image\" data-id=\"6e1eddf\" data-element_type=\"widget\" data-e-type=\"widget\" data-widget_type=\"image.default\">\n\t\t\t\t<div class=\"elementor-widget-container\">\n\t\t\t\t\t\t\t\t\t\t\t\t\t\t\t<img fetchpriority=\"high\" decoding=\"async\" width=\"1000\" height=\"580\" src=\"https:\/\/www.gaagroup.org\/wp-content\/uploads\/2022\/06\/elevage-GAA.jpg\" class=\"attachment-large size-large wp-image-356\" alt=\"\" srcset=\"https:\/\/www.gaagroup.org\/wp-content\/uploads\/2022\/06\/elevage-GAA.jpg 1000w, https:\/\/www.gaagroup.org\/wp-content\/uploads\/2022\/06\/elevage-GAA-980x568.jpg 980w, https:\/\/www.gaagroup.org\/wp-content\/uploads\/2022\/06\/elevage-GAA-480x278.jpg 480w\" sizes=\"(min-width: 0px) and (max-width: 480px) 480px, (min-width: 481px) and (max-width: 980px) 980px, (min-width: 981px) 1000px, 100vw\" \/>\t\t\t\t\t\t\t\t\t\t\t\t\t\t\t<\/div>\n\t\t\t\t<\/div>\n\t\t\t\t\t<\/div>\n\t\t<\/div>\n\t\t\t\t\t<\/div>\n\t\t<\/section>\n\t\t\t\t<\/div>","protected":false},"excerpt":{"rendered":"<p>ELEVAGE D\u00c9PARTEMENT ELEVAGE Dans sa ferme du Lac Rose (100 hectares) et celle de DANDOU(100 hectares), la GAA \u00e9l\u00e8ve des vaches (Montbeliard et Holstein ) ainsi que des m\u00e9tiss\u00e9es issues de croisement de vaches laiti\u00e8res europ\u00e9ennes avec des vaches locales(Gobra, Ndama, Azawac) par ins\u00e9mination artificielle. Elle \u00e9l\u00e8ve \u00e9galement des ch\u00e8vres laiti\u00e8res, des moutons, des lapins [&hellip;]<\/p>\n","protected":false},"author":1,"featured_media":0,"parent":0,"menu_order":0,"comment_status":"closed","ping_status":"closed","template":"","meta":{"_et_pb_use_builder":"on","_et_pb_old_content":"","_et_gb_content_width":"","footnotes":""},"class_list":["post-302","page","type-page","status-publish","hentry"],"_links":{"self":[{"href":"https:\/\/www.gaagroup.org\/en\/wp-json\/wp\/v2\/pages\/302","targetHints":{"allow":["GET"]}}],"collection":[{"href":"https:\/\/www.gaagroup.org\/en\/wp-json\/wp\/v2\/pages"}],"about":[{"href":"https:\/\/www.gaagroup.org\/en\/wp-json\/wp\/v2\/types\/page"}],"author":[{"embeddable":true,"href":"https:\/\/www.gaagroup.org\/en\/wp-json\/wp\/v2\/users\/1"}],"replies":[{"embeddable":true,"href":"https:\/\/www.gaagroup.org\/en\/wp-json\/wp\/v2\/comments?post=302"}],"version-history":[{"count":28,"href":"https:\/\/www.gaagroup.org\/en\/wp-json\/wp\/v2\/pages\/302\/revisions"}],"predecessor-version":[{"id":624,"href":"https:\/\/www.gaagroup.org\/en\/wp-json\/wp\/v2\/pages\/302\/revisions\/624"}],"wp:attachment":[{"href":"https:\/\/www.gaagroup.org\/en\/wp-json\/wp\/v2\/media?parent=302"}],"curies":[{"name":"wp","href":"https:\/\/api.w.org\/{rel}","templated":true}]}}