{"id":220,"date":"2022-05-31T14:09:13","date_gmt":"2022-05-31T14:09:13","guid":{"rendered":"https:\/\/www.gaa.universcites.com\/?page_id=220"},"modified":"2022-06-03T11:10:47","modified_gmt":"2022-06-03T11:10:47","slug":"mot-du-directeur","status":"publish","type":"page","link":"https:\/\/www.gaagroup.org\/en\/mot-du-directeur\/","title":{"rendered":"Director's word"},"content":{"rendered":"<div data-elementor-type=\"wp-page\" data-elementor-id=\"220\" class=\"elementor elementor-220\">\n\t\t\t\t\t\t<section class=\"elementor-section elementor-top-section elementor-element elementor-element-b815d10 elementor-hidden-mobile elementor-section-boxed elementor-section-height-default elementor-section-height-default\" data-id=\"b815d10\" data-element_type=\"section\" data-e-type=\"section\">\n\t\t\t\t\t\t<div class=\"elementor-container elementor-column-gap-default\">\n\t\t\t\t\t<div class=\"elementor-column elementor-col-100 elementor-top-column elementor-element elementor-element-a989ab1\" data-id=\"a989ab1\" data-element_type=\"column\" data-e-type=\"column\">\n\t\t\t<div class=\"elementor-widget-wrap\">\n\t\t\t\t\t\t\t<\/div>\n\t\t<\/div>\n\t\t\t\t\t<\/div>\n\t\t<\/section>\n\t\t\t\t<section class=\"elementor-section elementor-top-section elementor-element elementor-element-31877b16 elementor-section-full_width elementor-section-height-default elementor-section-height-default elementor-invisible\" data-id=\"31877b16\" data-element_type=\"section\" data-e-type=\"section\" data-settings=\"{&quot;background_background&quot;:&quot;classic&quot;,&quot;animation&quot;:&quot;bounceIn&quot;}\">\n\t\t\t\t\t\t<div class=\"elementor-container elementor-column-gap-default\">\n\t\t\t\t\t<div class=\"elementor-column elementor-col-100 elementor-top-column elementor-element elementor-element-69dc1ee1\" data-id=\"69dc1ee1\" data-element_type=\"column\" data-e-type=\"column\">\n\t\t\t<div class=\"elementor-widget-wrap elementor-element-populated\">\n\t\t\t\t\t\t<div class=\"elementor-element elementor-element-f6fd6bd elementor-widget elementor-widget-heading\" data-id=\"f6fd6bd\" data-element_type=\"widget\" data-e-type=\"widget\" data-widget_type=\"heading.default\">\n\t\t\t\t<div class=\"elementor-widget-container\">\n\t\t\t\t\t<h2 class=\"elementor-heading-title elementor-size-default\">MESSAGE FROM THE GAA GENERAL DIRECTOR<\/h2>\t\t\t\t<\/div>\n\t\t\t\t<\/div>\n\t\t\t\t\t<\/div>\n\t\t<\/div>\n\t\t\t\t\t<\/div>\n\t\t<\/section>\n\t\t\t\t<section class=\"elementor-section elementor-top-section elementor-element elementor-element-7519178 elementor-section-full_width elementor-section-height-default elementor-section-height-default\" data-id=\"7519178\" data-element_type=\"section\" data-e-type=\"section\">\n\t\t\t\t\t\t<div class=\"elementor-container elementor-column-gap-default\">\n\t\t\t\t\t<div class=\"elementor-column elementor-col-50 elementor-top-column elementor-element elementor-element-a2316c9\" data-id=\"a2316c9\" data-element_type=\"column\" data-e-type=\"column\">\n\t\t\t<div class=\"elementor-widget-wrap elementor-element-populated\">\n\t\t\t\t\t\t<div class=\"elementor-element elementor-element-3859030 elementor-widget elementor-widget-image\" data-id=\"3859030\" data-element_type=\"widget\" data-e-type=\"widget\" data-widget_type=\"image.default\">\n\t\t\t\t<div class=\"elementor-widget-container\">\n\t\t\t\t\t\t\t\t\t\t\t\t\t\t\t<img fetchpriority=\"high\" decoding=\"async\" width=\"678\" height=\"873\" src=\"https:\/\/www.gaagroup.org\/wp-content\/uploads\/2022\/05\/seydi-profil.jpg\" class=\"attachment-large size-large wp-image-223\" alt=\"\" srcset=\"https:\/\/www.gaagroup.org\/wp-content\/uploads\/2022\/05\/seydi-profil.jpg 678w, https:\/\/www.gaagroup.org\/wp-content\/uploads\/2022\/05\/seydi-profil-480x618.jpg 480w\" sizes=\"(min-width: 0px) and (max-width: 480px) 480px, (min-width: 481px) 678px, 100vw\" \/>\t\t\t\t\t\t\t\t\t\t\t\t\t\t\t<\/div>\n\t\t\t\t<\/div>\n\t\t\t\t<div class=\"elementor-element elementor-element-7d1a47f elementor-widget elementor-widget-heading\" data-id=\"7d1a47f\" data-element_type=\"widget\" data-e-type=\"widget\" data-widget_type=\"heading.default\">\n\t\t\t\t<div class=\"elementor-widget-container\">\n\t\t\t\t\t<h2 class=\"elementor-heading-title elementor-size-default\">IBRAHIM SEYDI<\/h2>\t\t\t\t<\/div>\n\t\t\t\t<\/div>\n\t\t\t\t<div class=\"elementor-element elementor-element-3a2aab1 elementor-widget elementor-widget-text-editor\" data-id=\"3a2aab1\" data-element_type=\"widget\" data-e-type=\"widget\" data-widget_type=\"text-editor.default\">\n\t\t\t\t<div class=\"elementor-widget-container\">\n\t\t\t\t\t\t\t\t\t<div class=\"team-member-job-title\">General Manager GAA<\/div><div>\u00a0<\/div><div class=\"team-member-description\"><p><strong>M. Ibrahim Seydi<\/strong> is Managing Director of <strong>SAFIC<\/strong> (<a href=\"http:\/\/www.safic-africa.com\">www.safic-africa.com<\/a>), a financing, investment and consulting company based in Dakar, Senegal and Abidjan, Ivory Coast.<\/p><p><strong>M. Seydi<\/strong> is a financial economist specializing in international finance and has conducted numerous feasibility studies and investment advice in the areas of industrial and agricultural expansion, commercial banking and financial sector development, public institutional strengthening and private sector, infrastructure development, telecommunications and information technologies.<\/p><p><strong>M. Seydi<\/strong> has organized training programs at the World Bank's Economic Development Institute in Washington, DC, for senior executives of private companies and financial institutions.<\/p><p>He worked at the<strong> Banque mondiale<\/strong> as an economist and the African Development Bank as a senior financial analyst, primarily responsible for identifying, evaluating and supervising viable private sector projects in 16 African countries. Before joining these international institutions, he was a senior executive at Soci\u00e9t\u00e9 G\u00e9n\u00e9rale de Banques au S\u00e9n\u00e9gal, a leading commercial bank in Senegal.<br \/>In addition to his role at SAFIC, Mr. Seydi is the General Director of G\u00e9n\u00e9rale Alimentaire Africaine, but also he is the <strong>president<\/strong> of <strong>SOCAAS<\/strong> COOPERATIVE SOCIETY OF ACTORS OF AGROPOLE SUD).<\/p><p>He is also <strong>Chairman of the Board of Directors<\/strong> of several private companies in the fields of energy, agro-industry, biotechnology and construction in West Africa.<\/p><p><strong>M. Seydi<\/strong> holds a <strong>doctorate<\/strong> in Financial Economics from Atlantic International University, USA, an MSc in Finance and an MSc in Banking Development from American University in Washington, USA , and a degree in agricultural economics from the University of Grenoble, France.<\/p><p>He is <strong>bilingual<\/strong> in English and French <strong>fluent in five African languages \u200b\u200b<\/strong> \u200b\u200band understands Spanish, Portuguese and Chinese. He has traveled extensively in Africa, Asia, the East, Europe and the American continent.<\/p><\/div>\t\t\t\t\t\t\t\t<\/div>\n\t\t\t\t<\/div>\n\t\t\t\t\t<\/div>\n\t\t<\/div>\n\t\t\t\t<div class=\"elementor-column elementor-col-50 elementor-top-column elementor-element elementor-element-93a6e68 elementor-invisible\" data-id=\"93a6e68\" data-element_type=\"column\" data-e-type=\"column\" data-settings=\"{&quot;animation&quot;:&quot;fadeInUp&quot;}\">\n\t\t\t<div class=\"elementor-widget-wrap elementor-element-populated\">\n\t\t\t\t\t\t<div class=\"elementor-element elementor-element-cf5ca8e elementor-widget elementor-widget-text-editor\" data-id=\"cf5ca8e\" data-element_type=\"widget\" data-e-type=\"widget\" data-widget_type=\"text-editor.default\">\n\t\t\t\t<div class=\"elementor-widget-container\">\n\t\t\t\t\t\t\t\t\t<div class=\"flex_column av_one_half  flex_column_div first  avia-builder-el-12  el_after_av_one_third  el_before_av_one_half  column-top-margin\">\n<section class=\"avia-team-member   avia-builder-el-13  avia-builder-el-no-sibling\">\n<div class=\"team-member-description\">\n<p><strong>Our ambitions<\/strong><\/p>\n<\/div>\n<\/section>\n<\/div>\t\t\t\t\t\t\t\t<\/div>\n\t\t\t\t<\/div>\n\t\t\t\t<div class=\"elementor-element elementor-element-b002eed elementor-widget elementor-widget-heading\" data-id=\"b002eed\" data-element_type=\"widget\" data-e-type=\"widget\" data-widget_type=\"heading.default\">\n\t\t\t\t<div class=\"elementor-widget-container\">\n\t\t\t\t\t<h2 class=\"elementor-heading-title elementor-size-default\">TOGETHER TOWARDS FOOD SELF-SUFFICIENCY<\/h2>\t\t\t\t<\/div>\n\t\t\t\t<\/div>\n\t\t\t\t<div class=\"elementor-element elementor-element-dfe7fd5 elementor-widget elementor-widget-text-editor\" data-id=\"dfe7fd5\" data-element_type=\"widget\" data-e-type=\"widget\" data-widget_type=\"text-editor.default\">\n\t\t\t\t<div class=\"elementor-widget-container\">\n\t\t\t\t\t\t\t\t\t<p>L\u2019<strong>Agriculture<\/strong> and<strong>food<\/strong> are certainly the most important industrial sectors in the world.<\/p>\n<p>Consumers want assurance of safety and quality every step of the way. Throughout the transformation process from field to plate we must take care, ensure monitoring and guarantee the integrity of agricultural and agri-food products.<\/p>\n<p><strong> GENERALE ALIMENTAIRE AFRICAINE<\/strong> (GAA) offers you a wide range of services that reduce risks, guarantee quality and improve productivity throughout the value chain (production, processing, distribution).<\/p>\n<p>We contribute to guaranteeing the integrity of the food chain by providing assistance to produce better, by promoting the development of new varieties of seeds, by analyzing soils and harvests, by supporting the product throughout the processing chain and of distribution.<\/p><p>Our full range of services can help you :<br><\/p>\n<p class=\"Style1\" style=\"margin-top: 0.85em; margin-bottom: 0.85em; border-color: #e1e1e1; font-variant-numeric: inherit; font-variant-east-asian: inherit; font-stretch: inherit; font-size: 16px; line-height: inherit; font-family: 'Open Sans', HelveticaNeue, 'Helvetica Neue', Helvetica, Arial, sans-serif; color: #666666; background-color: #ffffff;\">\n<\/p>\t\t\t\t\t\t\t\t<\/div>\n\t\t\t\t<\/div>\n\t\t\t\t<div class=\"elementor-element elementor-element-4d0af76 elementor-widget elementor-widget-text-editor\" data-id=\"4d0af76\" data-element_type=\"widget\" data-e-type=\"widget\" data-widget_type=\"text-editor.default\">\n\t\t\t\t<div class=\"elementor-widget-container\">\n\t\t\t\t\t\t\t\t\t\n\n<ul class=\"price-list\" style=\"margin-bottom: 20px; margin-left: 7px; border-color: #e1e1e1; font-variant-numeric: inherit; font-variant-east-asian: inherit; font-stretch: inherit; font-size: 19px; line-height: inherit; font-family: Times New Roman; list-style-position: outside; list-style-type: disc; color: #666666; background-color: #ffffff;\" type=\"disc\">\n \t<li style=\"margin-left: 1em; padding-top: 3px; padding-bottom: 3px; border-color: #e1e1e1; font: inherit;\"><strong style=\"border-color: #e1e1e1; font-style: inherit; font-variant: inherit; font-stretch: inherit; font-size: inherit; line-height: inherit; color: #719430;\">Manage risks, do better business and meet your contractual and regulatory obligations :<\/strong>\u00a0using stand-alone or integrated solutions that address all the issues in your agricultural and agri-food supply chains.<\/li>\n \t<li style=\"margin-left: 1em; padding-top: 3px; padding-bottom: 3px; border-color: #e1e1e1; font: inherit;\"><strong style=\"border-color: #e1e1e1; font-style: inherit; font-variant: inherit; font-stretch: inherit; font-size: inherit; line-height: inherit; color: #719430;\">Protecting your consumers :<\/strong>\u00a0from primary production to processing or transfer of ownership<\/li>\n \t<li style=\"margin-left: 1em; padding-top: 3px; padding-bottom: 3px; border-color: #e1e1e1; font: inherit;\"><strong style=\"border-color: #e1e1e1; font-style: inherit; font-variant: inherit; font-stretch: inherit; font-size: inherit; line-height: inherit; color: #719430;\">Comply with complex legislation :<\/strong>\u00a0encompassing local, regional, national and international rules and regulations concerning the production and marketing of agricultural and agri-food products.<\/li>\n \t<li style=\"margin-left: 1em; padding-top: 3px; padding-bottom: 3px; border-color: #e1e1e1; font: inherit;\"><strong style=\"border-color: #e1e1e1; font-style: inherit; font-variant: inherit; font-stretch: inherit; font-size: inherit; line-height: inherit; font-family: inherit; color: #719430;\">Ensure proper storage, transportation, packaging and distribution of :<\/strong>\u00a0raw materials, ingredients and food products.<\/li>\n \t<li style=\"margin-left: 1em; padding-top: 3px; padding-bottom: 3px; border-color: #e1e1e1; font: inherit;\"><strong style=\"border-color: #e1e1e1; font-style: inherit; font-variant: inherit; font-stretch: inherit; font-size: inherit; line-height: inherit; font-family: inherit; color: #719430;\">Guarantee the quality and safety of the various supply chains :<\/strong>\u00a0for raw and semi-manufactured foodstuffs, as well as finished products in the main food segments.<\/li>\n<\/ul>\t\t\t\t\t\t\t\t<\/div>\n\t\t\t\t<\/div>\n\t\t\t\t<div class=\"elementor-element elementor-element-f5f820d elementor-widget elementor-widget-text-editor\" data-id=\"f5f820d\" data-element_type=\"widget\" data-e-type=\"widget\" data-widget_type=\"text-editor.default\">\n\t\t\t\t<div class=\"elementor-widget-container\">\n\t\t\t\t\t\t\t\t\t<p>We offer standalone or integrated solutions to support companies working in the sectors of plant health, seeds, biofuels, fertilizers, agricultural machinery, finance and insurance, storage, processing industrial and logistics, marketing of fresh produce and processed food products.<br \/>Our range of solutions focused on the search for better profitability covers the collection of strategic data, warranty management, audits and certification, analysis and associated services, inspection, technical control, consulting and Training.<br \/>We can support your company to permanently improve your culture of safety, quality and sustainable development.<\/p><p>Contact us to find out how our range of services can help your business grow and prosper in an increasingly competitive and globalized market.<\/p>\t\t\t\t\t\t\t\t<\/div>\n\t\t\t\t<\/div>\n\t\t\t\t\t<\/div>\n\t\t<\/div>\n\t\t\t\t\t<\/div>\n\t\t<\/section>\n\t\t\t\t<section class=\"elementor-section elementor-top-section elementor-element elementor-element-942f756 elementor-section-boxed elementor-section-height-default elementor-section-height-default\" data-id=\"942f756\" data-element_type=\"section\" data-e-type=\"section\">\n\t\t\t\t\t\t<div class=\"elementor-container elementor-column-gap-default\">\n\t\t\t\t\t<div class=\"elementor-column elementor-col-50 elementor-top-column elementor-element elementor-element-ff35504\" data-id=\"ff35504\" data-element_type=\"column\" data-e-type=\"column\">\n\t\t\t<div class=\"elementor-widget-wrap\">\n\t\t\t\t\t\t\t<\/div>\n\t\t<\/div>\n\t\t\t\t<div class=\"elementor-column elementor-col-50 elementor-top-column elementor-element elementor-element-3b5032a\" data-id=\"3b5032a\" data-element_type=\"column\" data-e-type=\"column\">\n\t\t\t<div class=\"elementor-widget-wrap\">\n\t\t\t\t\t\t\t<\/div>\n\t\t<\/div>\n\t\t\t\t\t<\/div>\n\t\t<\/section>\n\t\t\t\t<\/div>","protected":false},"excerpt":{"rendered":"<p>MOT DU DIRECTEUR G\u00c9N\u00c9RAL DE GAA IBRAHIM SEYDI Directeur G\u00e9n\u00e9ral GAA\u00a0 M. Ibrahim Seydi est Directeur G\u00e9n\u00e9ral de SAFIC (www.safic-africa.com), une soci\u00e9t\u00e9 de Financement, d\u2018investissement et de Conseil bas\u00e9e \u00e0 Dakar au S\u00e9n\u00e9gal et \u00e0 Abidjan en C\u00f4te d\u2019Ivoire. M. Seydi est un \u00e9conomiste financier sp\u00e9cialis\u00e9 dans la finance internationale et a men\u00e9 de nombreuses [&hellip;]<\/p>\n","protected":false},"author":1,"featured_media":0,"parent":0,"menu_order":0,"comment_status":"closed","ping_status":"closed","template":"elementor_header_footer","meta":{"_et_pb_use_builder":"","_et_pb_old_content":"","_et_gb_content_width":"","footnotes":""},"class_list":["post-220","page","type-page","status-publish","hentry"],"_links":{"self":[{"href":"https:\/\/www.gaagroup.org\/en\/wp-json\/wp\/v2\/pages\/220","targetHints":{"allow":["GET"]}}],"collection":[{"href":"https:\/\/www.gaagroup.org\/en\/wp-json\/wp\/v2\/pages"}],"about":[{"href":"https:\/\/www.gaagroup.org\/en\/wp-json\/wp\/v2\/types\/page"}],"author":[{"embeddable":true,"href":"https:\/\/www.gaagroup.org\/en\/wp-json\/wp\/v2\/users\/1"}],"replies":[{"embeddable":true,"href":"https:\/\/www.gaagroup.org\/en\/wp-json\/wp\/v2\/comments?post=220"}],"version-history":[{"count":19,"href":"https:\/\/www.gaagroup.org\/en\/wp-json\/wp\/v2\/pages\/220\/revisions"}],"predecessor-version":[{"id":508,"href":"https:\/\/www.gaagroup.org\/en\/wp-json\/wp\/v2\/pages\/220\/revisions\/508"}],"wp:attachment":[{"href":"https:\/\/www.gaagroup.org\/en\/wp-json\/wp\/v2\/media?parent=220"}],"curies":[{"name":"wp","href":"https:\/\/api.w.org\/{rel}","templated":true}]}}